{"id":2629,"date":"2025-07-09T12:23:27","date_gmt":"2025-07-09T12:23:27","guid":{"rendered":"https:\/\/marrakechoutdoorhikes.com\/?page_id=2629"},"modified":"2025-07-09T12:24:19","modified_gmt":"2025-07-09T12:24:19","slug":"mount-toubkal","status":"publish","type":"page","link":"https:\/\/marrakechoutdoorhikes.com\/fr\/mount-toubkal\/","title":{"rendered":"Mont Toubkal"},"content":{"rendered":"<div data-elementor-type=\"wp-page\" data-elementor-id=\"2629\" class=\"elementor elementor-2629\">\n\t\t\t\t<div class=\"elementor-element elementor-element-138e405 e-flex e-con-boxed e-con e-parent\" data-id=\"138e405\" data-element_type=\"container\" data-e-type=\"container\">\n\t\t\t\t\t<div class=\"e-con-inner\">\n\t\t\t\t<div class=\"elementor-element elementor-element-8753b83 elementor-widget elementor-widget-html\" data-id=\"8753b83\" data-element_type=\"widget\" data-e-type=\"widget\" data-widget_type=\"html.default\">\n\t\t\t\t<div class=\"elementor-widget-container\">\n\t\t\t\t\t<!DOCTYPE html>\r\n<html lang=\"en\">\r\n<head>\r\n  <meta charset=\"UTF-8\">\r\n  <meta name=\"viewport\" content=\"width=device-width, initial-scale=1.0\">\r\n  <title>Mount Toubkal Hiking Tours | Atlas Mountain Treks<\/title>\r\n  <link href=\"https:\/\/fonts.googleapis.com\/css2?family=Inter:wght@300;400;500;600;700&display=swap\" rel=\"stylesheet\">\r\n  <link rel=\"stylesheet\" href=\"https:\/\/cdnjs.cloudflare.com\/ajax\/libs\/font-awesome\/6.4.0\/css\/all.min.css\">\r\n  <style>\r\n    \/* Card Section Specific Styles *\/\r\n    .toubkal-tours-section {\r\n      width: 100%;\r\n      max-width: 1400px;\r\n      margin: 0 auto;\r\n      padding: 20px 15px;\r\n    }\r\n    .toubkal-section-header {\r\n      text-align: center;\r\n      margin-bottom: 2.5rem;\r\n    }\r\n    .toubkal-section-header h2 {\r\n      font-size: 2rem;\r\n      color: #1f2937;\r\n      margin-bottom: 1rem;\r\n    }\r\n    .toubkal-section-description {\r\n      color: #6b7280;\r\n      font-size: 1.1rem;\r\n      line-height: 1.6;\r\n      margin-bottom: 1.5rem;\r\n      max-width: 800px;\r\n      margin-left: auto;\r\n      margin-right: auto;\r\n    }\r\n    .toubkal-header-divider {\r\n      display: flex;\r\n      align-items: center;\r\n      justify-content: center;\r\n      margin: 0 auto 1.5rem;\r\n      width: 80%;\r\n      max-width: 500px;\r\n    }\r\n    .toubkal-header-divider::before,\r\n    .toubkal-header-divider::after {\r\n      content: \"\";\r\n      flex: 1;\r\n      border-bottom: 1px solid #ddd;\r\n    }\r\n    .toubkal-header-divider-icon {\r\n      margin: 0 15px;\r\n      color: #8B4513;\r\n      font-size: 1.2rem;\r\n    }\r\n    .toubkal-card-container {\r\n      display: grid;\r\n      grid-template-columns: repeat(auto-fit, minmax(300px, 1fr));\r\n      gap: 2rem;\r\n      width: 100%;\r\n    }\r\n    .toubkal-card {\r\n      background: white;\r\n      border-radius: 1rem;\r\n      overflow: hidden;\r\n      box-shadow: 0 4px 20px rgba(0, 0, 0, 0.05);\r\n      transition: all 0.3s cubic-bezier(0.25, 0.8, 0.25, 1);\r\n    }\r\n    .toubkal-card:hover {\r\n      transform: translateY(-5px);\r\n      box-shadow: 0 10px 25px rgba(0, 0, 0, 0.1);\r\n    }\r\n    .toubkal-card-header {\r\n      height: 300px;\r\n      position: relative;\r\n      background-size: cover;\r\n      background-position: center;\r\n    }\r\n    .toubkal-badge {\r\n      position: absolute;\r\n      top: 1rem;\r\n      left: 1rem;\r\n      background: rgba(255,255,255,0.2);\r\n      backdrop-filter: blur(5px);\r\n      padding: 0.35rem 1rem;\r\n      border-radius: 100px;\r\n      font-size: 0.75rem;\r\n      font-weight: 600;\r\n      text-transform: uppercase;\r\n      letter-spacing: 0.5px;\r\n    }\r\n    .toubkal-duration {\r\n      position: absolute;\r\n      bottom: -1rem;\r\n      right: 1rem;\r\n      background: #dc2626;\r\n      color: white;\r\n      padding: 0.5rem 1rem;\r\n      border-radius: 0.5rem;\r\n      box-shadow: 0 4px 12px rgba(0,0,0,0.08);\r\n      font-weight: 700;\r\n      font-size: 0.875rem;\r\n      display: flex;\r\n      align-items: center;\r\n      gap: 0.5rem;\r\n    }\r\n    .toubkal-card-content {\r\n      padding: 1.75rem 1.5rem;\r\n    }\r\n    .toubkal-rating {\r\n      display: flex;\r\n      align-items: center;\r\n      gap: 0.5rem;\r\n      margin-bottom: 0.75rem;\r\n      font-size: 0.875rem;\r\n    }\r\n    .toubkal-stars {\r\n      color: #fbbf24;\r\n      letter-spacing: 0.1rem;\r\n    }\r\n    .toubkal-review-count {\r\n      color: #6b7280;\r\n      font-weight: 500;\r\n    }\r\n    .toubkal-title {\r\n      font-size: 1.22rem;\r\n      font-weight: 400;\r\n      color: #1f2937;\r\n      margin-bottom: 0.5rem;\r\n    }\r\n    .toubkal-price {\r\n      font-size: 1.1rem;\r\n      font-weight: 700;\r\n      color: #2563eb;\r\n      margin-bottom: 0.5rem;\r\n    }\r\n    .toubkal-location {\r\n      display: flex;\r\n      align-items: center;\r\n      gap: 0.5rem;\r\n      color: #6b7280;\r\n      font-size: 0.875rem;\r\n      margin-bottom: 1.25rem;\r\n    }\r\n    .toubkal-tags {\r\n      display: flex;\r\n      flex-wrap: wrap;\r\n      gap: 0.5rem;\r\n      margin-bottom: 1.5rem;\r\n    }\r\n    .toubkal-tag {\r\n      background: #f3f4f6;\r\n      color: #1f2937;\r\n      padding: 0.375rem 0.75rem;\r\n      border-radius: 100px;\r\n      font-size: 0.75rem;\r\n      font-weight: 600;\r\n    }\r\n    .toubkal-buttons {\r\n      display: flex;\r\n      gap: 0.75rem;\r\n    }\r\n    .toubkal-btn {\r\n      flex: 1;\r\n      display: flex;\r\n      align-items: center;\r\n      justify-content: center;\r\n      gap: 0.5rem;\r\n      padding: 0.75rem;\r\n      border-radius: 0.5rem;\r\n      font-weight: 600;\r\n      font-size: 0.875rem;\r\n      cursor: pointer;\r\n      transition: all 0.2s ease;\r\n      text-decoration: none;\r\n    }\r\n    .toubkal-btn:hover {\r\n      transform: translateY(-2px);\r\n    }\r\n    .toubkal-btn-primary {\r\n      background: #2563eb;\r\n      color: white;\r\n    }\r\n    .toubkal-btn-primary:hover {\r\n      background: #1d4ed8;\r\n      box-shadow: 0 4px 12px rgba(37, 99, 235, 0.3);\r\n    }\r\n    .toubkal-btn-whatsapp {\r\n      background: #10b981;\r\n      color: white;\r\n    }\r\n    .toubkal-btn-whatsapp:hover {\r\n      background: #0d9f6e;\r\n      box-shadow: 0 4px 12px rgba(16, 185, 129, 0.3);\r\n    }\r\n    \r\n    \/* Color variations *\/\r\n    .toubkal-card-color1 {\r\n      background: #f0f9ff !important;\r\n    }\r\n    .toubkal-card-color1 .toubkal-card-content {\r\n      background: #f0f9ff !important;\r\n    }\r\n    .toubkal-card-color2 {\r\n      background: #f0fdf4 !important;\r\n    }\r\n    .toubkal-card-color2 .toubkal-card-content {\r\n      background: #f0fdf4 !important;\r\n    }\r\n    .toubkal-card-color3 {\r\n      background: #fff7ed !important;\r\n    }\r\n    .toubkal-card-color3 .toubkal-card-content {\r\n      background: #fff7ed !important;\r\n    }\r\n\r\n    @media (min-width: 1024px) {\r\n      .toubkal-card-container {\r\n        grid-template-columns: repeat(3, 1fr);\r\n      }\r\n    }\r\n    @media (min-width: 768px) and (max-width: 1023px) {\r\n      .toubkal-card-container {\r\n        grid-template-columns: repeat(2, 1fr);\r\n      }\r\n    }\r\n  <\/style>\r\n<\/head>\r\n<body>\r\n  <!-- Mount Toubkal Hiking Section -->\r\n  <section class=\"toubkal-tours-section\">\r\n    <div class=\"toubkal-section-header\">\r\n      <h2>Mount Toubkal Summit Adventures<\/h2>\r\n      <p class=\"toubkal-section-description\">\r\n        Conquer North Africa's highest peak at 4,167 meters with our expert-guided Mount Toubkal treks. \r\n        Experience breathtaking High Atlas landscapes, Berber village culture, and the ultimate summit \r\n        achievement. Our carefully designed itineraries cater to all experience levels, combining \r\n        challenging ascents with cultural immersion in Morocco's stunning mountain wilderness.\r\n      <\/p>\r\n      <div class=\"toubkal-header-divider\">\r\n        <span class=\"toubkal-header-divider-icon\">\u26f0<\/span>\r\n      <\/div>\r\n    <\/div>\r\n\r\n    <div class=\"toubkal-card-container\">\r\n      <!-- 3-Day Berber Villages Trek -->\r\n      <div class=\"toubkal-card toubkal-card-color1\">\r\n        <div class=\"toubkal-card-header\" style=\"background-image: url('https:\/\/marrakechoutdoorhikes.com\/wp-content\/uploads\/2025\/07\/c922224f6447fc16e21e0b56c4b5808c.jpg');\">\r\n          <div class=\"toubkal-badge\">Culturel<\/div>\r\n          <div class=\"toubkal-duration\"><i class=\"far fa-calendar-alt\"><\/i> 3 jours<\/div>\r\n        <\/div>\r\n        <div class=\"toubkal-card-content\">\r\n          <div class=\"toubkal-rating\">\r\n            <span class=\"toubkal-stars\">\u2605\u2605\u2605\u2605\u2605<\/span>\r\n            <span class=\"toubkal-review-count\">(87 commentaires)<\/span>\r\n          <\/div>\r\n          <h3 class=\"toubkal-title\">Randonn\u00e9e de 3 jours dans les villages berb\u00e8res - Randonn\u00e9e culturelle dans le Haut Atlas<\/h3>\r\n          <div class=\"toubkal-price\">A partir de $320 par personne<\/div>\r\n          <div class=\"toubkal-location\">\r\n            <i class=\"fas fa-map-marker-alt\"><\/i>\r\n            <span>Montagnes du Haut Atlas, Maroc<\/span>\r\n          <\/div>\r\n          <div class=\"toubkal-tags\">\r\n            <div class=\"toubkal-tag\">Culturel<\/div>\r\n            <div class=\"toubkal-tag\">Villages<\/div>\r\n            <div class=\"toubkal-tag\">Mod\u00e9r\u00e9<\/div>\r\n          <\/div>\r\n          <div class=\"toubkal-buttons\">\r\n            <a href=\"https:\/\/marrakechoutdoorhikes.com\/3-day-berber-villages-trek-high-atlas-cultural-hiking-tour\/\" class=\"toubkal-btn toubkal-btn-primary\">\r\n              <i class=\"far fa-calendar-check\"><\/i>\r\n              <span>R\u00e9server<\/span>\r\n            <\/a>\r\n            <a href=\"https:\/\/wa.me\/212660335522\" class=\"toubkal-btn toubkal-btn-whatsapp\" target=\"_blank\" rel=\"noopener\">\r\n              <i class=\"fab fa-whatsapp\"><\/i>\r\n              <span>WhatsApp<\/span>\r\n            <\/a>\r\n          <\/div>\r\n        <\/div>\r\n      <\/div>\r\n\r\n      <!-- 4-Day Mount Toubkal Trek & Climb -->\r\n      <div class=\"toubkal-card toubkal-card-color2\">\r\n        <div class=\"toubkal-card-header\" style=\"background-image: url('https:\/\/marrakechoutdoorhikes.com\/wp-content\/uploads\/2025\/07\/34.png')\">\r\n          <div class=\"toubkal-badge\">Sommet<\/div>\r\n          <div class=\"toubkal-duration\"><i class=\"far fa-calendar-alt\"><\/i> 4 jours<\/div>\r\n        <\/div>\r\n        <div class=\"toubkal-card-content\">\r\n          <div class=\"toubkal-rating\">\r\n            <span class=\"toubkal-stars\">\u2605\u2605\u2605\u2605\u2605<\/span>\r\n            <span class=\"toubkal-review-count\">(51 reviews)<\/span>\r\n          <\/div>\r\n          <h3 class=\"toubkal-title\">4-Day Mount Toubkal Trek & Climb from Ouirgane Valley<\/h3>\r\n          <div class=\"toubkal-price\">From $450 per person<\/div>\r\n          <div class=\"toubkal-location\">\r\n            <i class=\"fas fa-map-marker-alt\"><\/i>\r\n            <span>Ouirgane Valley to Toubkal, Morocco<\/span>\r\n          <\/div>\r\n          <div class=\"toubkal-tags\">\r\n            <div class=\"toubkal-tag\">Sommet<\/div>\r\n            <div class=\"toubkal-tag\">D\u00e9fi<\/div>\r\n            <div class=\"toubkal-tag\">Sc\u00e9niques<\/div>\r\n          <\/div>\r\n          <div class=\"toubkal-buttons\">\r\n            <a href=\"https:\/\/marrakechoutdoorhikes.com\/4-day-mount-toubkal-trek-climb-from-ouirgane-valley\/\" class=\"toubkal-btn toubkal-btn-primary\">\r\n              <i class=\"far fa-calendar-check\"><\/i>\r\n              <span>R\u00e9server<\/span>\r\n            <\/a>\r\n            <a href=\"https:\/\/wa.me\/212660335522\" class=\"toubkal-btn toubkal-btn-whatsapp\" target=\"_blank\" rel=\"noopener\">\r\n              <i class=\"fab fa-whatsapp\"><\/i>\r\n              <span>WhatsApp<\/span>\r\n            <\/a>\r\n          <\/div>\r\n        <\/div>\r\n      <\/div>\r\n\r\n      <!-- 4-Day Atlas & Toubkal Adventure -->\r\n      <div class=\"toubkal-card toubkal-card-color3\">\r\n        <div class=\"toubkal-card-header\" style=\"background-image: url('https:\/\/marrakechoutdoorhikes.com\/wp-content\/uploads\/2025\/07\/28fd2c752bae1c2948010130e03d7891.jpg')\">\r\n          <div class=\"toubkal-badge\">D\u00e9fi<\/div>\r\n          <div class=\"toubkal-duration\"><i class=\"far fa-calendar-alt\"><\/i> 4 jours<\/div>\r\n        <\/div>\r\n        <div class=\"toubkal-card-content\">\r\n          <div class=\"toubkal-rating\">\r\n            <span class=\"toubkal-stars\">\u2605\u2605\u2605\u2605\u2605<\/span>\r\n            <span class=\"toubkal-review-count\">(105 commentaires)<\/span>\r\n          <\/div>\r\n          <h3 class=\"toubkal-title\">Aventure de 4 jours dans les montagnes de l'Atlas et le Mont Toubkal<\/h3>\r\n          <div class=\"toubkal-price\">A partir de $420 par personne<\/div>\r\n          <div class=\"toubkal-location\">\r\n            <i class=\"fas fa-map-marker-alt\"><\/i>\r\n            <span>Mont Toubkal, Maroc<\/span>\r\n          <\/div>\r\n          <div class=\"toubkal-tags\">\r\n            <div class=\"toubkal-tag\">Sommet<\/div>\r\n            <div class=\"toubkal-tag\">D\u00e9fi<\/div>\r\n            <div class=\"toubkal-tag\">Haute altitude<\/div>\r\n          <\/div>\r\n          <div class=\"toubkal-buttons\">\r\n            <a href=\"https:\/\/marrakechoutdoorhikes.com\/4-day-adventure-in-the-atlas-mountains-mount-of-toubkal\/\" class=\"toubkal-btn toubkal-btn-primary\">\r\n              <i class=\"far fa-calendar-check\"><\/i>\r\n              <span>R\u00e9server<\/span>\r\n            <\/a>\r\n            <a href=\"https:\/\/wa.me\/212660335522\" class=\"toubkal-btn toubkal-btn-whatsapp\" target=\"_blank\" rel=\"noopener\">\r\n              <i class=\"fab fa-whatsapp\"><\/i>\r\n              <span>WhatsApp<\/span>\r\n            <\/a>\r\n          <\/div>\r\n        <\/div>\r\n      <\/div>\r\n\r\n      <!-- 8-Day Atlas Mountains Trekking -->\r\n      <div class=\"toubkal-card toubkal-card-color1\">\r\n        <div class=\"toubkal-card-header\" style=\"background-image: url('https:\/\/marrakechoutdoorhikes.com\/wp-content\/uploads\/2025\/07\/29.png')\">\r\n          <div class=\"toubkal-badge\">Extended<\/div>\r\n          <div class=\"toubkal-duration\"><i class=\"far fa-calendar-alt\"><\/i> 8 Days<\/div>\r\n        <\/div>\r\n        <div class=\"toubkal-card-content\">\r\n          <div class=\"toubkal-rating\">\r\n            <span class=\"toubkal-stars\">\u2605\u2605\u2605\u2605\u2605<\/span>\r\n            <span class=\"toubkal-review-count\">(42 reviews)<\/span>\r\n          <\/div>\r\n          <h3 class=\"toubkal-title\">8-Day Atlas Mountains Trekking & Cultural Experience<\/h3>\r\n          <div class=\"toubkal-price\">From $850 per person<\/div>\r\n          <div class=\"toubkal-location\">\r\n            <i class=\"fas fa-map-marker-alt\"><\/i>\r\n            <span>Montagnes du Haut Atlas, Maroc<\/span>\r\n          <\/div>\r\n          <div class=\"toubkal-tags\">\r\n            <div class=\"toubkal-tag\">Extended<\/div>\r\n            <div class=\"toubkal-tag\">Culturel<\/div>\r\n            <div class=\"toubkal-tag\">Comprehensive<\/div>\r\n          <\/div>\r\n          <div class=\"toubkal-buttons\">\r\n            <a href=\"https:\/\/marrakechoutdoorhikes.com\/8-day-atlas-mountains-trekking-cultural-experience\/\" class=\"toubkal-btn toubkal-btn-primary\">\r\n              <i class=\"far fa-calendar-check\"><\/i>\r\n              <span>R\u00e9server<\/span>\r\n            <\/a>\r\n            <a href=\"https:\/\/wa.me\/212660335522\" class=\"toubkal-btn toubkal-btn-whatsapp\" target=\"_blank\" rel=\"noopener\">\r\n              <i class=\"fab fa-whatsapp\"><\/i>\r\n              <span>WhatsApp<\/span>\r\n            <\/a>\r\n          <\/div>\r\n        <\/div>\r\n      <\/div>\r\n    <\/div>\r\n  <\/section>\r\n<\/body>\r\n<\/html>\t\t\t\t<\/div>\n\t\t\t\t<\/div>\n\t\t\t\t\t<\/div>\n\t\t\t\t<\/div>\n\t\t\t\t<\/div>","protected":false},"excerpt":{"rendered":"<p>Mount Toubkal Hiking Tours | Atlas Mountain Treks Mount Toubkal Summit &#8230; <\/p>","protected":false},"author":1,"featured_media":0,"parent":0,"menu_order":0,"comment_status":"closed","ping_status":"closed","template":"elementor_header_footer","meta":{"_mbp_gutenberg_autopost":false,"_glsr_average":0,"_glsr_ranking":0,"_glsr_reviews":0,"footnotes":""},"class_list":["post-2629","page","type-page","status-publish","hentry"],"_links":{"self":[{"href":"https:\/\/marrakechoutdoorhikes.com\/fr\/wp-json\/wp\/v2\/pages\/2629","targetHints":{"allow":["GET"]}}],"collection":[{"href":"https:\/\/marrakechoutdoorhikes.com\/fr\/wp-json\/wp\/v2\/pages"}],"about":[{"href":"https:\/\/marrakechoutdoorhikes.com\/fr\/wp-json\/wp\/v2\/types\/page"}],"author":[{"embeddable":true,"href":"https:\/\/marrakechoutdoorhikes.com\/fr\/wp-json\/wp\/v2\/users\/1"}],"replies":[{"embeddable":true,"href":"https:\/\/marrakechoutdoorhikes.com\/fr\/wp-json\/wp\/v2\/comments?post=2629"}],"version-history":[{"count":5,"href":"https:\/\/marrakechoutdoorhikes.com\/fr\/wp-json\/wp\/v2\/pages\/2629\/revisions"}],"predecessor-version":[{"id":2636,"href":"https:\/\/marrakechoutdoorhikes.com\/fr\/wp-json\/wp\/v2\/pages\/2629\/revisions\/2636"}],"wp:attachment":[{"href":"https:\/\/marrakechoutdoorhikes.com\/fr\/wp-json\/wp\/v2\/media?parent=2629"}],"curies":[{"name":"wp","href":"https:\/\/api.w.org\/{rel}","templated":true}]}}