{"id":2984,"date":"2025-07-31T15:48:13","date_gmt":"2025-07-31T15:48:13","guid":{"rendered":"https:\/\/marrakechoutdoorhikes.com\/?page_id=2984"},"modified":"2025-07-31T16:12:38","modified_gmt":"2025-07-31T16:12:38","slug":"elementor-2984","status":"publish","type":"page","link":"https:\/\/marrakechoutdoorhikes.com\/de\/elementor-2984\/","title":{"rendered":"Hinweis zum Datenschutz"},"content":{"rendered":"<div data-elementor-type=\"wp-page\" data-elementor-id=\"2984\" class=\"elementor elementor-2984\">\n\t\t\t\t<div class=\"elementor-element elementor-element-b24c78b e-flex e-con-boxed e-con e-parent\" data-id=\"b24c78b\" data-element_type=\"container\" data-e-type=\"container\">\n\t\t\t\t\t<div class=\"e-con-inner\">\n\t\t\t\t<div class=\"elementor-element elementor-element-69ea811 elementor-widget elementor-widget-sina_title\" data-id=\"69ea811\" data-element_type=\"widget\" data-e-type=\"widget\" data-widget_type=\"sina_title.default\">\n\t\t\t\t<div class=\"elementor-widget-container\">\n\t\t\t\t\t\t\t<div class=\"sina-title\">\r\n\t\t\t\r\n\t\t\t\t\t\t\t<h2 class=\"sina-title-title\">Hinweis zum Datenschutz<\/h2>\t\t\t\r\n\t\t\t\r\n\t\t\t\r\n\t\t\t\t\t<\/div><!-- .sina-title -->\r\n\t\t\t\t\t\t<\/div>\n\t\t\t\t<\/div>\n\t\t\t\t\t<\/div>\n\t\t\t\t<\/div>\n\t\t<div class=\"elementor-element elementor-element-bf74d61 e-flex e-con-boxed e-con e-parent\" data-id=\"bf74d61\" data-element_type=\"container\" data-e-type=\"container\">\n\t\t\t\t\t<div class=\"e-con-inner\">\n\t\t\t\t<div class=\"elementor-element elementor-element-0145bed elementor-widget elementor-widget-text-editor\" data-id=\"0145bed\" data-element_type=\"widget\" data-e-type=\"widget\" data-widget_type=\"text-editor.default\">\n\t\t\t\t<div class=\"elementor-widget-container\">\n\t\t\t\t\t\t\t\t\t<p data-start=\"833\" data-end=\"1046\"><span style=\"color: #000000;\">Diese Website nutzt die Werbedienste von AdRoll, um personalisierte Werbung zu schalten. AdRoll und seine Muttergesellschaft NextRoll k\u00f6nnen pers\u00f6nliche Informationen \u00fcber Besucher f\u00fcr die Zwecke der Anzeigenausrichtung und -messung sammeln.<\/span><\/p><p data-start=\"1051\" data-end=\"1280\"><span style=\"color: #000000;\">Wir verwenden Cookies und \u00e4hnliche Technologien, um Daten wie IP-Adressen, Surfverhalten und besuchte Seiten zu erfassen. Diese Informationen k\u00f6nnen verwendet werden, um gezielte, auf Ihre Interessen zugeschnittene Werbung auf anderen Websites anzubieten.<\/span><\/p><p data-start=\"1285\" data-end=\"1347\"><span style=\"color: #000000;\">Sie k\u00f6nnen den Erhalt gezielter Werbung ablehnen, indem Sie uns besuchen:<\/span><\/p><ul data-start=\"1350\" data-end=\"1588\"><li data-start=\"1350\" data-end=\"1436\"><p data-start=\"1352\" data-end=\"1436\"><strong><span style=\"color: #003366; font-family: 'Comic Sans MS';\"><a class=\"cursor-pointer\" style=\"color: #003366;\" href=\"http:\/\/optout.networkadvertising.org\/\" target=\"_new\" rel=\"noopener\" data-start=\"1352\" data-end=\"1436\">Opt-out-Seite der Netzwerkwerbeinitiative<\/a><\/span><\/strong><\/p><\/li><li data-start=\"1439\" data-end=\"1514\"><p data-start=\"1441\" data-end=\"1514\"><strong><span style=\"color: #003366; font-family: 'Comic Sans MS';\"><a class=\"cursor-pointer\" style=\"color: #003366;\" href=\"http:\/\/optout.aboutads.info\/\" target=\"_new\" rel=\"noopener\" data-start=\"1441\" data-end=\"1514\">Opt-out-Seite der Digital Advertising Alliance<\/a><\/span><\/strong><\/p><\/li><li data-start=\"1517\" data-end=\"1586\"><p data-start=\"1519\" data-end=\"1586\"><strong><span style=\"color: #003366; font-family: 'Comic Sans MS';\"><a class=\"cursor-pointer\" style=\"color: #003366;\" href=\"http:\/\/www.youronlinechoices.com\/\" target=\"_new\" rel=\"noopener\" data-start=\"1519\" data-end=\"1586\">Ihre Online-Entscheidungen (EU-Nutzer)<\/a><\/span><\/strong><\/p><\/li><\/ul><p data-start=\"1591\" data-end=\"1726\"><span style=\"color: #000000;\">Weitere Einzelheiten zu den erhobenen Daten und ihrer Verwendung finden Sie unter <span style=\"color: #003366;\"><strong><span style=\"font-family: 'Comic Sans MS';\"><a class=\"cursor-pointer\" style=\"color: #003366;\" href=\"https:\/\/www.nextroll.com\/privacy\" target=\"_new\" rel=\"noopener\" data-start=\"1664\" data-end=\"1725\">NextRoll's Datenschutzrichtlinie<\/a><\/span><\/strong><\/span>.<\/span><\/p>\t\t\t\t\t\t\t\t<\/div>\n\t\t\t\t<\/div>\n\t\t\t\t\t<\/div>\n\t\t\t\t<\/div>\n\t\t\t\t<\/div>","protected":false},"excerpt":{"rendered":"<p>Privacy Notice This website uses AdRoll\u2019s advertising services to serve personalized &#8230; <\/p>","protected":false},"author":1,"featured_media":0,"parent":0,"menu_order":0,"comment_status":"closed","ping_status":"closed","template":"","meta":{"_mbp_gutenberg_autopost":false,"_glsr_average":0,"_glsr_ranking":0,"_glsr_reviews":0,"footnotes":""},"class_list":["post-2984","page","type-page","status-publish","hentry"],"_links":{"self":[{"href":"https:\/\/marrakechoutdoorhikes.com\/de\/wp-json\/wp\/v2\/pages\/2984","targetHints":{"allow":["GET"]}}],"collection":[{"href":"https:\/\/marrakechoutdoorhikes.com\/de\/wp-json\/wp\/v2\/pages"}],"about":[{"href":"https:\/\/marrakechoutdoorhikes.com\/de\/wp-json\/wp\/v2\/types\/page"}],"author":[{"embeddable":true,"href":"https:\/\/marrakechoutdoorhikes.com\/de\/wp-json\/wp\/v2\/users\/1"}],"replies":[{"embeddable":true,"href":"https:\/\/marrakechoutdoorhikes.com\/de\/wp-json\/wp\/v2\/comments?post=2984"}],"version-history":[{"count":5,"href":"https:\/\/marrakechoutdoorhikes.com\/de\/wp-json\/wp\/v2\/pages\/2984\/revisions"}],"predecessor-version":[{"id":2992,"href":"https:\/\/marrakechoutdoorhikes.com\/de\/wp-json\/wp\/v2\/pages\/2984\/revisions\/2992"}],"wp:attachment":[{"href":"https:\/\/marrakechoutdoorhikes.com\/de\/wp-json\/wp\/v2\/media?parent=2984"}],"curies":[{"name":"wp","href":"https:\/\/api.w.org\/{rel}","templated":true}]}}